{"id":9898,"date":"2024-03-26T19:45:51","date_gmt":"2024-03-26T18:45:51","guid":{"rendered":"https:\/\/njsk.nl\/?page_id=9898"},"modified":"2024-04-24T11:46:50","modified_gmt":"2024-04-24T10:46:50","slug":"locatie-24","status":"publish","type":"page","link":"https:\/\/njsk.nl\/info\/locatie-24\/","title":{"rendered":"Locatie en verblijf"},"content":{"rendered":"<div style=\"width: 40%; padding: 0 10px 0 0; float: left;\"><iframe loading=\"lazy\" src=\"https:\/\/www.google.com\/maps\/embed?pb=!1m14!1m8!1m3!1d19115.806694784394!2d6.5359179!3d53.2093161!3m2!1i1024!2i768!4f13.1!3m3!1m2!1s0x47c8332c340702b5%3A0x9d78f9c79304990b!2sStichting%20Dorpshuis%20Hoogkerk!5e0!3m2!1snl!2snl!4v1711474428080!5m2!1snl!2snl\" width=\"450\" height=\"300\" frameborder=\"1\" allowfullscreen=\"allowfullscreen\"><\/iframe><\/div>\n<div style=\"width: 15%; padding: 0 5px 0 0; float: left;\">\n<p><a href=\"https:\/\/dorpshuishoogkerk.nl\/\" target=\"_blank\" rel=\"noopener\"><b>Dorpshuis Hoogkerk<\/b><\/a><\/p>\n<p>Zuiderweg 70-4<br \/>\n9744 AP Hoogkerk<br \/>\nTel.: 050-5375230<\/p>\n<\/div>\n<div style=\"width: 45%; padding: 0 0 0 0; float: left;\"><img loading=\"lazy\" decoding=\"async\" class=\"alignnone size-medium wp-image-351\" src=\"https:\/\/www.nosbo.nl\/images\/artikelen\/jeugd\/32778219387_d38ff1d065_h.jpg\" width=\"500\" height=\"300\" \/><\/div>\n<p>&nbsp;<\/p>\n<p><strong>Hoe kom ik er?<\/strong><br \/>\nKom je met het openbaar vervoer, plan je reis dan met <a href=\"http:\/\/9292.nl\" target=\"_blank\" rel=\"noopener noreferrer\">9292.nl<\/a> of <a href=\"http:\/\/ns.nl\" target=\"_blank\" rel=\"noopener noreferrer\">ns.nl<\/a>.<br \/>\nVanaf NS-station Groningen rijden diverse bussen in een klein half uur naar Hoogkerk, uitstappen <b>halte Jan Ensinglaan<\/b>.<br \/>\nKom je met de <b>auto<\/b>, houd dan rekening met ingrijpende <a href=\"https:\/\/www.groningenbereikbaar.nl\/\" target=\"_blank\" rel=\"noopener\"><b>werkzaamheden<\/b><\/a> aan de Zuidelijke Ringweg bij de stad Groningen.<br \/>\nTip: voer in je <b>navigatie<\/b> indien mogelijk <i>Dorpshuis Hoogkerk<\/i> in, want in sommige navigatiesystemen geeft het invoeren van bovenstaand adres niet de juiste eindbestemming. Als je toch een adres moet invoeren, typ dan <u>Zuiderweg 70<\/u>, dus zonder de toevoeging &#8216;-4&#8217;, anders kom je ergens anders uit.<\/p>\n<p><strong>Moeten mijn ouders parkeergeld meenemen?<\/strong><br \/>\nNee hoor, bij de speellocatie is een ruime en <b>gratis<\/b> parkeergelegenheid &#8211; ook een voordeel van Hoogkerk!<\/p>\n<p><strong>Er is toch wel Wifi?<\/strong><br \/>\nJa, er is goede en vrij toegankelijke Wifi in het Dorpshuis.<\/p>\n<p><strong>In welke zalen gaan we spelen?<\/strong><br \/>\nHet <u>hoofdtoernooi<\/u> vindt plaats in de grote sporthal (ingang begane grond), de vele <u>nevenactiviteiten<\/u> in de Grote zaal (voorbij de portiersloge de trap op of de lift in) en de <u>analyseruimte<\/u> is in het Handenarbeidlokaal.<br \/>\nDaartussenin is een ruime en gezellige kantine en bar, die uitblinkt in kindvriendelijke prijzen en prettige bediening.<br \/>\nNeem voor een indruk van deze ruimtes een kijkje op het <a href=\"https:\/\/dorpshuishoogkerk.nl\/zalenverhuur\/\" target=\"_blank\" rel=\"noopener\"><b>zalenoverzicht<\/b><\/a> van het Dorpshuis.<br \/>\nHet gebruiken van <b>zelf meegebrachte etenswaren<\/b> is in principe alleen toegestaan voor spelers in de speelzaal.<\/p>\n<p>Let op: de <b>toiletten<\/b> direct naast de sporthal zijn <b>alleen toegankelijk voor spelers<\/b>. Ouders, begeleiders en anderen kunnen gebruik maken van de toiletten elders in het gebouw en op de 1e verdieping.<\/p>\n<p><strong>Hoe kom ik bij mijn bord?<\/strong> <i>[werktekening, kan nog licht veranderen]<\/i><\/p>\n<p><img loading=\"lazy\" decoding=\"async\" class=\"alignnone size-full wp-image-10066\" src=\"https:\/\/njsk.nl\/wp-content\/uploads\/2024\/04\/WhatsApp-Image-2024-04-23-at-12.25.52.jpeg\" alt=\"\" width=\"847\" height=\"629\" srcset=\"https:\/\/njsk.nl\/wp-content\/uploads\/2024\/04\/WhatsApp-Image-2024-04-23-at-12.25.52.jpeg 847w, https:\/\/njsk.nl\/wp-content\/uploads\/2024\/04\/WhatsApp-Image-2024-04-23-at-12.25.52-400x297.jpeg 400w, https:\/\/njsk.nl\/wp-content\/uploads\/2024\/04\/WhatsApp-Image-2024-04-23-at-12.25.52-768x570.jpeg 768w\" sizes=\"auto, (max-width: 847px) 100vw, 847px\" \/><br \/>\nDe ingang van de speelzaal is op de begane grond, links voorbij de portiersloge. N.b.: deze is in principe alleen toegankelijk voor deelnemers. <\/p>\n<p><strong>Moet ik verder nog iets weten?<\/strong><br \/>\n&#8211; We werken dit jaar niet met losse notatieformulieren. Voor ronde 1 krijgt iedereen het mooie KNSB-jubileumnotatieboekje, maar je mag ook in een eigen boekje noteren. Je krijgt ook een pen; als je die kwijtraakt kun je nog eenmaal om een nieuwe vragen.<br \/>\n&#8211; Zorg dat je je zaterdag v\u00f3\u00f3r 12.00 uur hebt aangemeld op de toernooilocatie. Mocht je onderweg vertraging oplopen, <b>bel of app dan v\u00f3\u00f3r 12:00 naar 06-52693295<\/b> (Angelique). Hebben we niets van je gehoord om 12.00 uur, dan kunnen we je helaas niet indelen voor ronde 1.<br \/>\n&#8211; Voor nieuwelingen in C Jeugd: let op, deze categorie heeft een ander speeltempo en -schema (op maandag en woensdag een dubbele ronde).<br \/>\n&#8211; &#8230;<br \/>\n&#8211; &#8230;<\/p>\n<hr \/>\n<h3>Waar kan ik overnachten?<\/h3>\n<p>Er zijn veel overnachtingsmogelijkheden in en rondom Groningen. Enkele tips:<\/p>\n<h4>Hotel Van der Valk Hoogkerk<\/h4>\n<p><a href=\"https:\/\/www.vandervalkhotelgroningenhoogkerk.com\/\" target=\"_blank\" rel=\"noopener\">Dit hotel<\/a> ligt op slechts 1,7 kilometer van de speellocatie en grenst aan natuurgebied de Onlanden.<br \/>\nEr is een speciale NK-kortingsactie: via <b>https:\/\/www.valkverrast.nl\/acties<\/b> kan een kamer worden gereserveerd met een korting van 10%. De korting is geldig op verschillende tarieven (met ontbijt, zonder ontbijt, refundable of non-refundable reservering). Het kortingstarief is direct zichtbaar bij het maken van de reservering. De kortingscode is\u00a0GRN-NOSBO-Apr2024. De code geldt voor overnachtingen in de periode van <b>26<\/b> april tot en met 3 mei 2024 en is beschikbaar voor de eerste 30 boekingen.<\/p>\n<h4>Andere hotels<\/h4>\n<p>Er zijn natuurlijk veel meer hotels in en om Groningen. Deze zijn via de bekende boekingssites als\u00a0Booking.com\u00a0snel met elkaar te vergelijken en te boeken.<\/p>\n<h4>Camping<\/h4>\n<p>Aan de westkant van de stad Groningen, vlakbij Hoogkerk, ligt de mooie en grote <a href=\"https:\/\/campingstadspark.nl\/\" target=\"_blank\" rel=\"noopener\">Camping Stadspark<\/a>. Daar zijn ook meerpersoons blokhutten te huur.<\/p>\n<h4>Vakantiepark Hunzedal<\/h4>\n<p>Iets verder weg van Hoogkerk, aan de grens van het Drentse bosrijke natuurgebied de Hondsrug, vind je camping en vakantiepark <a href=\"https:\/\/www.hunzedal.nl\/\">Hunzedal<\/a>: een kindvriendelijk en veelzijdig vakantiepark gelegen aan een recreatieplas. Hier verblijf je in een luxe chalet, een ruime bungalow of een familievilla, maar kamperen in je eigen tent, caravan of camper kan ook.<\/p>\n<h4>Bed &amp; Breakfast<\/h4>\n<p>Een andere mogelijkheid is een <a href=\"https:\/\/www.bedandbreakfast.nl\/nl\/r\/2755249\/groningen?checkin=2024-04-27&amp;checkout=2024-05-03\" target=\"_blank\" rel=\"noopener\">Bed &amp; Breakfast<\/a>.<br \/>\nEn natuurlijk kun je een\u00a0<a href=\"https:\/\/www.airbnb.nl\/s\/groningen\/homes?tab_id=home_tab&amp;refinement_paths%5B%5D=%2Fhomes&amp;flexible_trip_lengths%5B%5D=one_week&amp;monthly_start_date=2024-04-01&amp;monthly_length=3&amp;monthly_end_date=2024-07-01&amp;price_filter_input_type=0&amp;channel=EXPLORE&amp;date_picker_type=calendar&amp;checkin=2024-04-27&amp;checkout=2024-05-03&amp;adults=2&amp;source=structured_search_input_header&amp;search_type=filter_change\" target=\"_blank\" rel=\"noopener\">Airbnb<\/a> boeken.<\/p>\n<h4>Andere mogelijkheden<\/h4>\n<p>Voor een uitgebreid overzicht kun je terecht op de site van <a href=\"https:\/\/www.visitgroningen.nl\/nl\" target=\"_blank\" rel=\"noopener\">VVV Groningen<\/a>.<\/p>\n","protected":false},"excerpt":{"rendered":"<p>Dorpshuis Hoogkerk Zuiderweg 70-4 9744 AP Hoogkerk Tel.: 050-5375230 &nbsp; Hoe kom ik er? Kom je met het openbaar vervoer, plan je reis dan met 9292.nl of ns.nl. Vanaf NS-station Groningen rijden diverse bussen in een klein half uur naar Hoogkerk, uitstappen halte Jan Ensinglaan. Kom je met de auto, houd dan rekening met ingrijpende [&hellip;]<\/p>\n","protected":false},"author":2,"featured_media":0,"parent":136,"menu_order":0,"comment_status":"closed","ping_status":"closed","template":"","meta":{"jetpack_post_was_ever_published":false,"footnotes":""},"class_list":["post-9898","page","type-page","status-publish","hentry"],"yoast_head":"<!-- This site is optimized with the Yoast SEO plugin v24.0 - https:\/\/yoast.com\/wordpress\/plugins\/seo\/ -->\n<title>Locatie en verblijf - Nederlands Jeugd Schaak Kampioenschap<\/title>\n<meta name=\"robots\" content=\"index, follow, max-snippet:-1, max-image-preview:large, max-video-preview:-1\" \/>\n<link rel=\"canonical\" href=\"https:\/\/njsk.nl\/info\/locatie-24\/\" \/>\n<meta property=\"og:locale\" content=\"nl_NL\" \/>\n<meta property=\"og:type\" content=\"article\" \/>\n<meta property=\"og:title\" content=\"Locatie en verblijf - Nederlands Jeugd Schaak Kampioenschap\" \/>\n<meta property=\"og:description\" content=\"Dorpshuis Hoogkerk Zuiderweg 70-4 9744 AP Hoogkerk Tel.: 050-5375230 &nbsp; Hoe kom ik er? Kom je met het openbaar vervoer, plan je reis dan met 9292.nl of ns.nl. Vanaf NS-station Groningen rijden diverse bussen in een klein half uur naar Hoogkerk, uitstappen halte Jan Ensinglaan. Kom je met de auto, houd dan rekening met ingrijpende [&hellip;]\" \/>\n<meta property=\"og:url\" content=\"https:\/\/njsk.nl\/info\/locatie-24\/\" \/>\n<meta property=\"og:site_name\" content=\"Nederlands Jeugd Schaak Kampioenschap\" \/>\n<meta property=\"article:modified_time\" content=\"2024-04-24T10:46:50+00:00\" \/>\n<meta property=\"og:image\" content=\"https:\/\/www.nosbo.nl\/images\/artikelen\/jeugd\/32778219387_d38ff1d065_h.jpg\" \/>\n<meta name=\"twitter:card\" content=\"summary_large_image\" \/>\n<meta name=\"twitter:label1\" content=\"Geschatte leestijd\" \/>\n\t<meta name=\"twitter:data1\" content=\"4 minuten\" \/>\n<script type=\"application\/ld+json\" class=\"yoast-schema-graph\">{\"@context\":\"https:\/\/schema.org\",\"@graph\":[{\"@type\":\"WebPage\",\"@id\":\"https:\/\/njsk.nl\/info\/locatie-24\/\",\"url\":\"https:\/\/njsk.nl\/info\/locatie-24\/\",\"name\":\"Locatie en verblijf - Nederlands Jeugd Schaak Kampioenschap\",\"isPartOf\":{\"@id\":\"https:\/\/njsk.nl\/#website\"},\"primaryImageOfPage\":{\"@id\":\"https:\/\/njsk.nl\/info\/locatie-24\/#primaryimage\"},\"image\":{\"@id\":\"https:\/\/njsk.nl\/info\/locatie-24\/#primaryimage\"},\"thumbnailUrl\":\"https:\/\/www.nosbo.nl\/images\/artikelen\/jeugd\/32778219387_d38ff1d065_h.jpg\",\"datePublished\":\"2024-03-26T18:45:51+00:00\",\"dateModified\":\"2024-04-24T10:46:50+00:00\",\"breadcrumb\":{\"@id\":\"https:\/\/njsk.nl\/info\/locatie-24\/#breadcrumb\"},\"inLanguage\":\"nl-NL\",\"potentialAction\":[{\"@type\":\"ReadAction\",\"target\":[\"https:\/\/njsk.nl\/info\/locatie-24\/\"]}]},{\"@type\":\"ImageObject\",\"inLanguage\":\"nl-NL\",\"@id\":\"https:\/\/njsk.nl\/info\/locatie-24\/#primaryimage\",\"url\":\"https:\/\/www.nosbo.nl\/images\/artikelen\/jeugd\/32778219387_d38ff1d065_h.jpg\",\"contentUrl\":\"https:\/\/www.nosbo.nl\/images\/artikelen\/jeugd\/32778219387_d38ff1d065_h.jpg\"},{\"@type\":\"BreadcrumbList\",\"@id\":\"https:\/\/njsk.nl\/info\/locatie-24\/#breadcrumb\",\"itemListElement\":[{\"@type\":\"ListItem\",\"position\":1,\"name\":\"Home\",\"item\":\"https:\/\/njsk.nl\/\"},{\"@type\":\"ListItem\",\"position\":2,\"name\":\"Info171819\",\"item\":\"https:\/\/njsk.nl\/info\/\"},{\"@type\":\"ListItem\",\"position\":3,\"name\":\"Locatie en verblijf\"}]},{\"@type\":\"WebSite\",\"@id\":\"https:\/\/njsk.nl\/#website\",\"url\":\"https:\/\/njsk.nl\/\",\"name\":\"Nederlands Jeugd Schaak Kampioenschap\",\"description\":\"\",\"potentialAction\":[{\"@type\":\"SearchAction\",\"target\":{\"@type\":\"EntryPoint\",\"urlTemplate\":\"https:\/\/njsk.nl\/?s={search_term_string}\"},\"query-input\":{\"@type\":\"PropertyValueSpecification\",\"valueRequired\":true,\"valueName\":\"search_term_string\"}}],\"inLanguage\":\"nl-NL\"}]}<\/script>\n<!-- \/ Yoast SEO plugin. -->","yoast_head_json":{"title":"Locatie en verblijf - Nederlands Jeugd Schaak Kampioenschap","robots":{"index":"index","follow":"follow","max-snippet":"max-snippet:-1","max-image-preview":"max-image-preview:large","max-video-preview":"max-video-preview:-1"},"canonical":"https:\/\/njsk.nl\/info\/locatie-24\/","og_locale":"nl_NL","og_type":"article","og_title":"Locatie en verblijf - Nederlands Jeugd Schaak Kampioenschap","og_description":"Dorpshuis Hoogkerk Zuiderweg 70-4 9744 AP Hoogkerk Tel.: 050-5375230 &nbsp; Hoe kom ik er? Kom je met het openbaar vervoer, plan je reis dan met 9292.nl of ns.nl. Vanaf NS-station Groningen rijden diverse bussen in een klein half uur naar Hoogkerk, uitstappen halte Jan Ensinglaan. Kom je met de auto, houd dan rekening met ingrijpende [&hellip;]","og_url":"https:\/\/njsk.nl\/info\/locatie-24\/","og_site_name":"Nederlands Jeugd Schaak Kampioenschap","article_modified_time":"2024-04-24T10:46:50+00:00","og_image":[{"url":"https:\/\/www.nosbo.nl\/images\/artikelen\/jeugd\/32778219387_d38ff1d065_h.jpg","type":"","width":"","height":""}],"twitter_card":"summary_large_image","twitter_misc":{"Geschatte leestijd":"4 minuten"},"schema":{"@context":"https:\/\/schema.org","@graph":[{"@type":"WebPage","@id":"https:\/\/njsk.nl\/info\/locatie-24\/","url":"https:\/\/njsk.nl\/info\/locatie-24\/","name":"Locatie en verblijf - Nederlands Jeugd Schaak Kampioenschap","isPartOf":{"@id":"https:\/\/njsk.nl\/#website"},"primaryImageOfPage":{"@id":"https:\/\/njsk.nl\/info\/locatie-24\/#primaryimage"},"image":{"@id":"https:\/\/njsk.nl\/info\/locatie-24\/#primaryimage"},"thumbnailUrl":"https:\/\/www.nosbo.nl\/images\/artikelen\/jeugd\/32778219387_d38ff1d065_h.jpg","datePublished":"2024-03-26T18:45:51+00:00","dateModified":"2024-04-24T10:46:50+00:00","breadcrumb":{"@id":"https:\/\/njsk.nl\/info\/locatie-24\/#breadcrumb"},"inLanguage":"nl-NL","potentialAction":[{"@type":"ReadAction","target":["https:\/\/njsk.nl\/info\/locatie-24\/"]}]},{"@type":"ImageObject","inLanguage":"nl-NL","@id":"https:\/\/njsk.nl\/info\/locatie-24\/#primaryimage","url":"https:\/\/www.nosbo.nl\/images\/artikelen\/jeugd\/32778219387_d38ff1d065_h.jpg","contentUrl":"https:\/\/www.nosbo.nl\/images\/artikelen\/jeugd\/32778219387_d38ff1d065_h.jpg"},{"@type":"BreadcrumbList","@id":"https:\/\/njsk.nl\/info\/locatie-24\/#breadcrumb","itemListElement":[{"@type":"ListItem","position":1,"name":"Home","item":"https:\/\/njsk.nl\/"},{"@type":"ListItem","position":2,"name":"Info171819","item":"https:\/\/njsk.nl\/info\/"},{"@type":"ListItem","position":3,"name":"Locatie en verblijf"}]},{"@type":"WebSite","@id":"https:\/\/njsk.nl\/#website","url":"https:\/\/njsk.nl\/","name":"Nederlands Jeugd Schaak Kampioenschap","description":"","potentialAction":[{"@type":"SearchAction","target":{"@type":"EntryPoint","urlTemplate":"https:\/\/njsk.nl\/?s={search_term_string}"},"query-input":{"@type":"PropertyValueSpecification","valueRequired":true,"valueName":"search_term_string"}}],"inLanguage":"nl-NL"}]}},"jetpack_sharing_enabled":true,"jetpack_shortlink":"https:\/\/wp.me\/P8l3Bf-2zE","_links":{"self":[{"href":"https:\/\/njsk.nl\/wp-json\/wp\/v2\/pages\/9898","targetHints":{"allow":["GET"]}}],"collection":[{"href":"https:\/\/njsk.nl\/wp-json\/wp\/v2\/pages"}],"about":[{"href":"https:\/\/njsk.nl\/wp-json\/wp\/v2\/types\/page"}],"author":[{"embeddable":true,"href":"https:\/\/njsk.nl\/wp-json\/wp\/v2\/users\/2"}],"replies":[{"embeddable":true,"href":"https:\/\/njsk.nl\/wp-json\/wp\/v2\/comments?post=9898"}],"version-history":[{"count":37,"href":"https:\/\/njsk.nl\/wp-json\/wp\/v2\/pages\/9898\/revisions"}],"predecessor-version":[{"id":10103,"href":"https:\/\/njsk.nl\/wp-json\/wp\/v2\/pages\/9898\/revisions\/10103"}],"up":[{"embeddable":true,"href":"https:\/\/njsk.nl\/wp-json\/wp\/v2\/pages\/136"}],"wp:attachment":[{"href":"https:\/\/njsk.nl\/wp-json\/wp\/v2\/media?parent=9898"}],"curies":[{"name":"wp","href":"https:\/\/api.w.org\/{rel}","templated":true}]}}